{"id":976,"date":"2023-04-17T21:15:37","date_gmt":"2023-04-17T19:15:37","guid":{"rendered":"https:\/\/elektromatt.pl\/smt\/?page_id=976"},"modified":"2024-10-24T14:05:26","modified_gmt":"2024-10-24T12:05:26","slug":"komoryklimatyczne","status":"publish","type":"page","link":"https:\/\/elektromatt.pl\/smt\/komoryklimatyczne\/","title":{"rendered":"Komory Klimatyczne"},"content":{"rendered":"<h2 style=\"text-align: center;\">Wynajem komory klimatycznej\u00a0<\/h2><p style=\"text-align: center;\">Oferujemy wynajem komory klimatycznej do symulacji r\u00f3\u017cnych warunk\u00f3w \u015brodowiskowych. Nasza komora jest idealna do testowania produkt\u00f3w lub prowadzenia bada\u0144 naukowych, zapewniaj\u0105c szeroki zakres temperatur i wilgotno\u015bci, maksymaln\u0105 jednorodno\u015b\u0107 i stabilno\u015b\u0107.<\/p><p style=\"text-align: center;\">Dzi\u0119ki szerokiemu zakresowi temperatur i wilgotno\u015bci, w po\u0142\u0105czeniu z maksymaln\u0105 jednorodno\u015bci\u0105 i stabilno\u015bci\u0105, mo\u017cesz symulowa\u0107 ka\u017cdy rodzaj obci\u0105\u017cenia temperaturowego lub wilgotno\u015bci.<\/p><p style=\"text-align: center;\">Dost\u0119pny rozmiar naszej komory klimatycznej to 37 litr\u00f3w, z zakresem temperatur<\/p><p style=\"text-align: center;\">od\u00a0-40\u00b0C do +150\u00b0C oraz wilgotno\u015bci od 10%RH do 95%RH.<\/p><p style=\"text-align: center;\">Oferujemy elastyczne okresy wynajmu, kt\u00f3re umo\u017cliwiaj\u0105 wynajem komory na okresy miesi\u0119czne lub d\u0142u\u017csze projekty.<\/p><p style=\"text-align: center;\">Skontaktuj si\u0119 z nami, aby uzyska\u0107 aktualne stawki wynajmu i dost\u0119pne terminy:\u00a0+48 511 043 833 lub\u00a0biuro@elektromatt.pl\u00a0<\/p><p style=\"text-align: center;\">Urz\u0105dzenie zostanie dostarczone na miejsce i odebrane pod koniec okresu wynajmu.\u00a0<\/p><p style=\"text-align: center;\">Na \u017cyczenie zajmiemy si\u0119 r\u00f3wnie\u017c uruchomieniem na miejscu oraz zapewnimy profesjonalne szkolenie.<\/p>\t\t\n\t\t\t\t\t\t\t\t\t\t<img width=\"768\" height=\"1024\" src=\"https:\/\/elektromatt.pl\/smt\/wp-content\/uploads\/sites\/4\/2023\/04\/IMG-20220909-WA0002-1-768x1024.jpg\" alt=\"\" decoding=\"async\" loading=\"lazy\" srcset=\"https:\/\/elektromatt.pl\/smt\/wp-content\/uploads\/sites\/4\/2023\/04\/IMG-20220909-WA0002-1-768x1024.jpg 768w, https:\/\/elektromatt.pl\/smt\/wp-content\/uploads\/sites\/4\/2023\/04\/IMG-20220909-WA0002-1-225x300.jpg 225w, https:\/\/elektromatt.pl\/smt\/wp-content\/uploads\/sites\/4\/2023\/04\/IMG-20220909-WA0002-1-1152x1536.jpg 1152w, https:\/\/elektromatt.pl\/smt\/wp-content\/uploads\/sites\/4\/2023\/04\/IMG-20220909-WA0002-1-1024x1365.jpg 1024w, https:\/\/elektromatt.pl\/smt\/wp-content\/uploads\/sites\/4\/2023\/04\/IMG-20220909-WA0002-1-810x1080.jpg 810w, https:\/\/elektromatt.pl\/smt\/wp-content\/uploads\/sites\/4\/2023\/04\/IMG-20220909-WA0002-1.jpg 1200w\" sizes=\"(max-width: 768px) 100vw, 768px\" \/>\t\t\t\t\t\t\t\t\t\t\t\n\t\t<h3 style=\"text-align: center;\">&nbsp; &nbsp; &nbsp;Komora klimatyczna&nbsp; &nbsp; &nbsp; &nbsp; Weiss&nbsp; WKL 34\/40<\/h3>\n<p>&nbsp;Pojemno\u015b\u0107 komory 34L.<br>&nbsp;Cyfrowe ustawienie temperatury. Zakres temperatur: -40 do +150\u00b0C<br>&nbsp;Zakres wilgotno\u015bci: 10-95% RH<br>&nbsp;Interfejs RS232.<br>&nbsp;Komora testowa wysoko\u015b\u0107 x szeroko\u015b\u0107 x g\u0142\u0119boko\u015b\u0107: 31x35x29 cm.<br>&nbsp;230 V. 50 Hz. 1800 W<\/p>\t\t\n\t\t\t\t\t\t\t\t\t\t<img width=\"653\" height=\"981\" src=\"https:\/\/elektromatt.pl\/smt\/wp-content\/uploads\/sites\/4\/2024\/10\/WeissWK180.png\" alt=\"\" decoding=\"async\" loading=\"lazy\" srcset=\"https:\/\/elektromatt.pl\/smt\/wp-content\/uploads\/sites\/4\/2024\/10\/WeissWK180.png 653w, https:\/\/elektromatt.pl\/smt\/wp-content\/uploads\/sites\/4\/2024\/10\/WeissWK180-200x300.png 200w\" sizes=\"(max-width: 653px) 100vw, 653px\" \/>\t\t\t\t\t\t\t\t\t\t\t\n\t\t<h3>Komora klimatyczna\u00a0 \u00a0 \u00a0 \u00a0 Weiss\u00a0 WK 180\/70<\/h3><p>\u00a0Pojemno\u015b\u0107 komory 180L.<br \/>\u00a0Cyfrowe ustawienie temperatury. Zakres temperatur: -70 do +180\u00b0C<br \/>\u00a0Zakres wilgotno\u015bci: 10-95% RH<br \/>\u00a0Obs\u0142uga z panelu operatora, Interfejs RS232.<br \/>\u00a0Komora testowa wysoko\u015b\u0107 x szeroko\u015b\u0107 x g\u0142\u0119boko\u015b\u0107: 75x58x45 cm.<br \/>\u00a0<\/p><p style=\"text-align: center;\">Komory klimatyczne s\u0105 powszechnie u\u017cywane w przemy\u015ble elektronicznym, zw\u0142aszcza w przypadku testowania i bada\u0144 wytrzyma\u0142o\u015bciowych urz\u0105dze\u0144 elektronicznych.<\/p><p style=\"text-align: center;\">Dzi\u0119ki komorze klimatycznej mo\u017cna przetestowa\u0107 wytrzyma\u0142o\u015b\u0107 elektronicznych komponent\u00f3w na zmienne warunki \u015brodowiskowe, takie jak temperatura, wilgotno\u015b\u0107, ci\u015bnienie atmosferyczne i inne czynniki klimatyczne.<\/p><p style=\"text-align: center;\">Testy te pozwalaj\u0105 na ocen\u0119, czy produkty elektroniczne spe\u0142niaj\u0105 wymagania norm bezpiecze\u0144stwa i jako\u015bci, a tak\u017ce na wykrycie potencjalnych problem\u00f3w zwi\u0105zanych z eksploatacj\u0105 w r\u00f3\u017cnych warunkach klimatycznych.<\/p><p style=\"text-align: center;\">Dzi\u0119ki temu producenci urz\u0105dze\u0144 elektronicznych s\u0105 w stanie poprawi\u0107 jako\u015b\u0107 i wytrzyma\u0142o\u015b\u0107 swoich produkt\u00f3w, co przek\u0142ada si\u0119 na zwi\u0119kszenie ich warto\u015bci rynkowej i zadowolenie klient\u00f3w.<\/p><p style=\"text-align: center;\">\u00a0<\/p><p style=\"text-align: center;\">Komory klimatyczne s\u0105 szeroko wykorzystywane do testowania warunk\u00f3w transportu i magazynowania towar\u00f3w, poniewa\u017c pozwalaj\u0105 na symulowanie r\u00f3\u017cnych warunk\u00f3w, takich jak wilgotno\u015b\u0107 i temperatura, jakie te towary mog\u0105 spotka\u0107 w czasie transportu lub przechowywania.<\/p><p style=\"text-align: center;\">Przeprowadzanie takich test\u00f3w pozwala producentom i dystrybutorom na dok\u0142adne zrozumienie, jak ich produkty reaguj\u0105 na r\u00f3\u017cne warunki transportu i magazynowania. Dzi\u0119ki temu mog\u0105 okre\u015bli\u0107, jakie kroki nale\u017cy podj\u0105\u0107, aby zapewni\u0107, \u017ce ich produkty zostan\u0105 dostarczone w dobrym stanie i zachowaj\u0105 swoj\u0105 jako\u015b\u0107.<\/p><p style=\"text-align: center;\">Testy te s\u0105 szczeg\u00f3lnie wa\u017cne dla produkt\u00f3w, kt\u00f3re s\u0105 wra\u017cliwe na zmiany temperatury i wilgotno\u015bci, takich jak \u017cywno\u015b\u0107, leki, kosmetyki i elektronika. Dzi\u0119ki przeprowadzeniu test\u00f3w w komorze klimatycznej, mo\u017cna okre\u015bli\u0107, jak temperatura oraz wilgotno\u015b\u0107 mo\u017ce wp\u0142yn\u0105\u0107 na te produkty, a tak\u017ce jakie kroki nale\u017cy podj\u0105\u0107, aby je chroni\u0107.\u00a0<\/p><p style=\"text-align: center;\">Wypo\u017cyczalnia kom\u00f3r klimatycznych. Komory klimatyczne do wynaj\u0119cia. Wynajem kom\u00f3r \u015brodowiskowych. Wypo\u017cyczalnia kom\u00f3r \u015brodowiskowych. Wynajem kom\u00f3r testowych. Komory testowe na wynajem. Wypo\u017cyczalnia kom\u00f3r do bada\u0144 \u015brodowiskowych. Komory kontrolowanej atmosfery. Komory temperaturowo-wilgotno\u015bciowe.<br \/>Komory do bada\u0144 \u015brodowiskowych. Testowe stanowiska laboratoryjne. Laboratoria z komorami klimatycznymi. Komory do symulacji warunk\u00f3w. Komory testuj\u0105ce w laboratoriach. Komory do analizy \u015brodowiskowej.<br \/>Stanowiska do bada\u0144 testowych. Komory do bada\u0144 w kontrolowanych warunkach. Wypo\u017cyczalnia kom\u00f3r klimatycznych. Komory klimatyczne do wynaj\u0119cia. Wynajem kom\u00f3r \u015brodowiskowych. Wypo\u017cyczalnia kom\u00f3r \u015brodowiskowych. Wynajem kom\u00f3r testowych. Komory testowe na wynajem. Wypo\u017cyczalnia kom\u00f3r do bada\u0144 \u015brodowiskowych. Komory kontrolowanej atmosfery. Komory temperaturowo-wilgotno\u015bciowe. Komory do bada\u0144 \u015brodowiskowych. Testowe stanowiska laboratoryjne. Laboratoria z komorami klimatycznymi. Komory do symulacji warunk\u00f3w. Komory testuj\u0105ce w laboratoriach. Komory do analizy \u015brodowiskowej. Stanowiska do bada\u0144 testowych.<br \/>Komory do bada\u0144 w kontrolowanych warunkach. Komory klimatyczne na wynajem. Wypo\u017cyczalnia kom\u00f3r kontrolowanych. Komory do bada\u0144 atmosferycznych do wypo\u017cyczenia. Wynajem kom\u00f3r testowych. Komory laboratoryjne ze sterowaniem warunkami. Wypo\u017cyczalnia kom\u00f3r do symulacji \u015brodowiskowej. Wynajem kom\u00f3r do test\u00f3w materia\u0142\u00f3w. Stanowiska badawcze z komorami kontrolowanymi. Wypo\u017cyczalnia kom\u00f3r wilgotno\u015bciowo-temperaturowych. Komory do bada\u0144 fizykochemicznych do wynaj\u0119cia. Wynajem kom\u00f3r do bada\u0144 trwa\u0142o\u015bci. Komory do bada\u0144 materia\u0142\u00f3w na zlecenie. Wypo\u017cyczalnia kom\u00f3r do test\u00f3w wytrzyma\u0142o\u015bciowych. Komory do bada\u0144 nad zm\u0119czeniem materia\u0142\u00f3w na wynajem. Stanowiska laboratoryjne z komorami do analizy mikroklimatu. Wypo\u017cyczalnia kom\u00f3r kontroluj\u0105cych warunki do\u015bwiadcze\u0144. Komory do bada\u0144 korozyjnych do wypo\u017cyczenia.<br \/>Komory regulowanej atmosfery do wypo\u017cyczenia. Wynajem kom\u00f3r do analiz mikroklimatycznych.<br \/>Komory kontroluj\u0105ce warunki dost\u0119pne do wynajmu. Wypo\u017cyczalnia kom\u00f3r do bada\u0144 wytrzyma\u0142o\u015bciowych. Komory do symulacji ekstremalnych warunk\u00f3w. Stanowiska laboratoryjne z komorami testowymi. Komory do bada\u0144 nad trwa\u0142o\u015bci\u0105 materia\u0142\u00f3w. Wypo\u017cyczalnia kom\u00f3r do analiz korozji. Komory do test\u00f3w zm\u0119czeniowych do wynaj\u0119cia. Komory badawcze z kontrol\u0105 wilgotno\u015bci i temperatury. Wynajem kom\u00f3r do bada\u0144 degradacji materia\u0142\u00f3w. Komory laboratoryjne z regulacj\u0105 mikroklimatu. Komory do analiz warunk\u00f3w atmosferycznych do wypo\u017cyczenia. Wypo\u017cyczalnia kom\u00f3r do bada\u0144 zm\u0119czeniowych. Komory do bada\u0144 nad odporno\u015bci\u0105 materia\u0142\u00f3w na wynajem. Komory kontrolne na wypo\u017cyczenie do bada\u0144 \u015brodowiskowych. Stanowiska badawcze z komorami reguluj\u0105cymi warunki.<\/p>","protected":false},"excerpt":{"rendered":"<p>Wynajem komory klimatycznej\u00a0Oferujemy wynajem komory klimatycznej do symulacji r\u00f3\u017cnych warunk\u00f3w \u015brodowiskowych. Nasza komora jest idealna do testowania produkt\u00f3w lub prowadzenia bada\u0144 naukowych, zapewniaj\u0105c szeroki zakres temperatur i wilgotno\u015bci, maksymaln\u0105 jednorodno\u015b\u0107 i stabilno\u015b\u0107.Dzi\u0119ki szerokiemu zakresowi temperatur i wilgotno\u015bci, w po\u0142\u0105czeniu z maksymaln\u0105 jednorodno\u015bci\u0105 i stabilno\u015bci\u0105, mo\u017cesz symulowa\u0107 ka\u017cdy rodzaj obci\u0105\u017cenia temperaturowego lub wilgotno\u015bci.Dost\u0119pny rozmiar naszej komory&hellip; <br \/> <a class=\"button small blue\" href=\"https:\/\/elektromatt.pl\/smt\/2020\/02\/02\/witaj-swiecie\/\">Czytaj dalej<\/a><\/p>\n","protected":false},"author":1,"featured_media":0,"parent":0,"menu_order":0,"comment_status":"closed","ping_status":"closed","template":"","meta":[],"_links":{"self":[{"href":"https:\/\/elektromatt.pl\/smt\/wp-json\/wp\/v2\/pages\/976"}],"collection":[{"href":"https:\/\/elektromatt.pl\/smt\/wp-json\/wp\/v2\/pages"}],"about":[{"href":"https:\/\/elektromatt.pl\/smt\/wp-json\/wp\/v2\/types\/page"}],"author":[{"embeddable":true,"href":"https:\/\/elektromatt.pl\/smt\/wp-json\/wp\/v2\/users\/1"}],"replies":[{"embeddable":true,"href":"https:\/\/elektromatt.pl\/smt\/wp-json\/wp\/v2\/comments?post=976"}],"version-history":[{"count":18,"href":"https:\/\/elektromatt.pl\/smt\/wp-json\/wp\/v2\/pages\/976\/revisions"}],"predecessor-version":[{"id":1025,"href":"https:\/\/elektromatt.pl\/smt\/wp-json\/wp\/v2\/pages\/976\/revisions\/1025"}],"wp:attachment":[{"href":"https:\/\/elektromatt.pl\/smt\/wp-json\/wp\/v2\/media?parent=976"}],"curies":[{"name":"wp","href":"https:\/\/api.w.org\/{rel}","templated":true}]}}