{"id":512,"date":"2023-01-15T16:10:40","date_gmt":"2023-01-15T15:10:40","guid":{"rendered":"https:\/\/elektromatt.pl\/autotronik\/?page_id=512"},"modified":"2023-04-02T21:09:08","modified_gmt":"2023-04-02T19:09:08","slug":"przystawkabiurkowa","status":"publish","type":"page","link":"https:\/\/elektromatt.pl\/smt\/przystawkabiurkowa\/","title":{"rendered":"Wersja biurkowa"},"content":{"rendered":"<img width=\"643\" height=\"259\" src=\"https:\/\/elektromatt.pl\/smt\/wp-content\/uploads\/sites\/4\/2021\/05\/g2.png\" alt=\"\" decoding=\"async\" loading=\"lazy\" srcset=\"https:\/\/elektromatt.pl\/smt\/wp-content\/uploads\/sites\/4\/2021\/05\/g2.png 643w, https:\/\/elektromatt.pl\/smt\/wp-content\/uploads\/sites\/4\/2021\/05\/g2-300x121.png 300w\" sizes=\"(max-width: 643px) 100vw, 643px\" \/>\t\t\t\t\t\t\t\t\t\t\t\n\t\t<h3>Niezale\u017cne stanowisko przygotowania podajnik\u00f3w<\/h3>\n<p>Funkcje:<br>* Niezale\u017cne od maszyny stanowisko przygotowania i programowania podajnik\u00f3w<br>* Automatyczne wykrywanie za\u0142o\u017conego podajnika, odczyt i wy\u015bwietlenie zaprogramowanych parametr\u00f3w: numer podajnika (ID), krok, odleg\u0142o\u015b\u0107 w milimetrach wraz z graficzn\u0105 reprezentacj\u0105 ta\u015bmy na wy\u015bwietlaczu, ilo\u015b\u0107 element\u00f3w<br>* Przesuni\u0119cie ta\u015bmy w prz\u00f3d o jeden krok<br>* Przesuni\u0119cie ta\u015bmy w prz\u00f3d o 140mm<br>* Przesuni\u0119cie ta\u015bmy w ty\u0142 o jeden krok<br>* Przesuni\u0119cie ta\u015bmy w ty\u0142 o 440mm<br>* Podwy\u017cszenie zaprogramowanego kroku<br>* Obni\u017cenie zaprogramowanego kroku<br>* Automatyczne wy\u0142\u0105czenie po 15 minutach nieaktywno\u015bci<br>* Inne funkcje na \u017c\u0105danie<\/p>https:\/\/youtu.be\/5YrWEcTLhRIhttps:\/\/youtu.be\/5HeqgQKXpBUhttps:\/\/youtu.be\/105JD66Zw5chttps:\/\/youtu.be\/EUq1R4pkJeM","protected":false},"excerpt":{"rendered":"<p>Niezale\u017cne stanowisko przygotowania podajnik\u00f3w Funkcje:* Niezale\u017cne od maszyny stanowisko przygotowania i programowania podajnik\u00f3w* Automatyczne wykrywanie za\u0142o\u017conego podajnika, odczyt i wy\u015bwietlenie zaprogramowanych parametr\u00f3w: numer podajnika (ID), krok, odleg\u0142o\u015b\u0107 w milimetrach wraz z graficzn\u0105 reprezentacj\u0105 ta\u015bmy na wy\u015bwietlaczu, ilo\u015b\u0107 element\u00f3w* Przesuni\u0119cie ta\u015bmy w prz\u00f3d o jeden krok* Przesuni\u0119cie ta\u015bmy w prz\u00f3d o 140mm* Przesuni\u0119cie ta\u015bmy w ty\u0142&hellip; <br \/> <a class=\"button small blue\" href=\"https:\/\/elektromatt.pl\/smt\/2020\/02\/02\/witaj-swiecie\/\">Czytaj dalej<\/a><\/p>\n","protected":false},"author":1,"featured_media":0,"parent":0,"menu_order":0,"comment_status":"closed","ping_status":"closed","template":"","meta":[],"_links":{"self":[{"href":"https:\/\/elektromatt.pl\/smt\/wp-json\/wp\/v2\/pages\/512"}],"collection":[{"href":"https:\/\/elektromatt.pl\/smt\/wp-json\/wp\/v2\/pages"}],"about":[{"href":"https:\/\/elektromatt.pl\/smt\/wp-json\/wp\/v2\/types\/page"}],"author":[{"embeddable":true,"href":"https:\/\/elektromatt.pl\/smt\/wp-json\/wp\/v2\/users\/1"}],"replies":[{"embeddable":true,"href":"https:\/\/elektromatt.pl\/smt\/wp-json\/wp\/v2\/comments?post=512"}],"version-history":[{"count":7,"href":"https:\/\/elektromatt.pl\/smt\/wp-json\/wp\/v2\/pages\/512\/revisions"}],"predecessor-version":[{"id":970,"href":"https:\/\/elektromatt.pl\/smt\/wp-json\/wp\/v2\/pages\/512\/revisions\/970"}],"wp:attachment":[{"href":"https:\/\/elektromatt.pl\/smt\/wp-json\/wp\/v2\/media?parent=512"}],"curies":[{"name":"wp","href":"https:\/\/api.w.org\/{rel}","templated":true}]}}