{"id":511,"date":"2023-01-15T16:12:33","date_gmt":"2023-01-15T15:12:33","guid":{"rendered":"https:\/\/elektromatt.pl\/autotronik\/?page_id=511"},"modified":"2023-04-02T21:12:36","modified_gmt":"2023-04-02T19:12:36","slug":"przystawkaprzymaszynie","status":"publish","type":"page","link":"https:\/\/elektromatt.pl\/smt\/przystawkaprzymaszynie\/","title":{"rendered":"Wersja montowana przy maszynie"},"content":{"rendered":"<img width=\"1536\" height=\"1485\" src=\"https:\/\/elektromatt.pl\/smt\/wp-content\/uploads\/sites\/4\/2021\/05\/DSC03653m-3-1536x1485.jpg\" alt=\"\" decoding=\"async\" loading=\"lazy\" srcset=\"https:\/\/elektromatt.pl\/smt\/wp-content\/uploads\/sites\/4\/2021\/05\/DSC03653m-3-1536x1485.jpg 1536w, https:\/\/elektromatt.pl\/smt\/wp-content\/uploads\/sites\/4\/2021\/05\/DSC03653m-3-300x290.jpg 300w, https:\/\/elektromatt.pl\/smt\/wp-content\/uploads\/sites\/4\/2021\/05\/DSC03653m-3-1024x990.jpg 1024w, https:\/\/elektromatt.pl\/smt\/wp-content\/uploads\/sites\/4\/2021\/05\/DSC03653m-3-768x742.jpg 768w, https:\/\/elektromatt.pl\/smt\/wp-content\/uploads\/sites\/4\/2021\/05\/DSC03653m-3-1117x1080.jpg 1117w, https:\/\/elektromatt.pl\/smt\/wp-content\/uploads\/sites\/4\/2021\/05\/DSC03653m-3.jpg 2040w\" sizes=\"(max-width: 1536px) 100vw, 1536px\" \/>\t\t\t\t\t\t\t\t\t\t\t\n\t\t<h3 contenteditable=\"true\" data-elementor-setting-key=\"title_text\" data-elementor-inline-editing-toolbar=\"none\" data-pen-placeholder=\"Pisz tutaj...\">Rozszerzenie do stanowiska programowania podajnik\u00f3w przy maszynie<\/h3><p>Funkcje:<br \/>* Automatyczne wykrywanie za\u0142o\u017conego podajnika, odczyt i wy\u015bwietlenie zaprogramowanych parametr\u00f3w: numer podajnika (ID), krok, odleg\u0142o\u015b\u0107 w milimetrach wraz z graficzn\u0105 reprezentacj\u0105 ta\u015bmy na wy\u015bwietlaczu, ilo\u015b\u0107 element\u00f3w<br \/>* W\u0142\u0105czenie\/wy\u0142\u0105czenie komunikacji pomi\u0119dzy maszyn\u0105 a podajnikiem<br \/>* Przesuni\u0119cie ta\u015bmy w prz\u00f3d o jeden krok<br \/>* Przesuni\u0119cie ta\u015bmy w prz\u00f3d o 140mm<br \/>* Przesuni\u0119cie ta\u015bmy w ty\u0142 o jeden krok<br \/>* Przesuni\u0119cie ta\u015bmy w ty\u0142 o 440mm<br \/>* Podwy\u017cszenie zaprogramowanego kroku<br \/>* Obni\u017cenie zaprogramowanego kroku<br \/>* Inne funkcje na \u017c\u0105danie<\/p><p>\u00a0<\/p>https:\/\/youtu.be\/5YrWEcTLhRIhttps:\/\/youtu.be\/5HeqgQKXpBUhttps:\/\/youtu.be\/105JD66Zw5chttps:\/\/youtu.be\/EUq1R4pkJeM","protected":false},"excerpt":{"rendered":"<p>Rozszerzenie do stanowiska programowania podajnik\u00f3w przy maszynieFunkcje:* Automatyczne wykrywanie za\u0142o\u017conego podajnika, odczyt i wy\u015bwietlenie zaprogramowanych parametr\u00f3w: numer podajnika (ID), krok, odleg\u0142o\u015b\u0107 w milimetrach wraz z graficzn\u0105 reprezentacj\u0105 ta\u015bmy na wy\u015bwietlaczu, ilo\u015b\u0107 element\u00f3w* W\u0142\u0105czenie\/wy\u0142\u0105czenie komunikacji pomi\u0119dzy maszyn\u0105 a podajnikiem* Przesuni\u0119cie ta\u015bmy w prz\u00f3d o jeden krok* Przesuni\u0119cie ta\u015bmy w prz\u00f3d o 140mm* Przesuni\u0119cie ta\u015bmy w ty\u0142&hellip; <br \/> <a class=\"button small blue\" href=\"https:\/\/elektromatt.pl\/smt\/2020\/02\/02\/witaj-swiecie\/\">Czytaj dalej<\/a><\/p>\n","protected":false},"author":1,"featured_media":0,"parent":0,"menu_order":0,"comment_status":"closed","ping_status":"closed","template":"","meta":[],"_links":{"self":[{"href":"https:\/\/elektromatt.pl\/smt\/wp-json\/wp\/v2\/pages\/511"}],"collection":[{"href":"https:\/\/elektromatt.pl\/smt\/wp-json\/wp\/v2\/pages"}],"about":[{"href":"https:\/\/elektromatt.pl\/smt\/wp-json\/wp\/v2\/types\/page"}],"author":[{"embeddable":true,"href":"https:\/\/elektromatt.pl\/smt\/wp-json\/wp\/v2\/users\/1"}],"replies":[{"embeddable":true,"href":"https:\/\/elektromatt.pl\/smt\/wp-json\/wp\/v2\/comments?post=511"}],"version-history":[{"count":12,"href":"https:\/\/elektromatt.pl\/smt\/wp-json\/wp\/v2\/pages\/511\/revisions"}],"predecessor-version":[{"id":971,"href":"https:\/\/elektromatt.pl\/smt\/wp-json\/wp\/v2\/pages\/511\/revisions\/971"}],"wp:attachment":[{"href":"https:\/\/elektromatt.pl\/smt\/wp-json\/wp\/v2\/media?parent=511"}],"curies":[{"name":"wp","href":"https:\/\/api.w.org\/{rel}","templated":true}]}}