{"id":506,"date":"2023-01-15T16:03:28","date_gmt":"2023-01-15T15:03:28","guid":{"rendered":"https:\/\/elektromatt.pl\/autotronik\/?page_id=506"},"modified":"2023-04-25T20:13:58","modified_gmt":"2023-04-25T18:13:58","slug":"modyfikacje","status":"publish","type":"page","link":"https:\/\/elektromatt.pl\/smt\/modyfikacje\/","title":{"rendered":"Modyfikacje podajnik\u00f3w"},"content":{"rendered":"<img width=\"1024\" height=\"978\" src=\"https:\/\/elektromatt.pl\/smt\/wp-content\/uploads\/sites\/4\/2023\/02\/Przerobka-12mm-1024x978.jpg\" alt=\"\" decoding=\"async\" loading=\"lazy\" srcset=\"https:\/\/elektromatt.pl\/smt\/wp-content\/uploads\/sites\/4\/2023\/02\/Przerobka-12mm-1024x978.jpg 1024w, https:\/\/elektromatt.pl\/smt\/wp-content\/uploads\/sites\/4\/2023\/02\/Przerobka-12mm-300x286.jpg 300w, https:\/\/elektromatt.pl\/smt\/wp-content\/uploads\/sites\/4\/2023\/02\/Przerobka-12mm-768x733.jpg 768w, https:\/\/elektromatt.pl\/smt\/wp-content\/uploads\/sites\/4\/2023\/02\/Przerobka-12mm-1536x1467.jpg 1536w, https:\/\/elektromatt.pl\/smt\/wp-content\/uploads\/sites\/4\/2023\/02\/Przerobka-12mm-2048x1956.jpg 2048w, https:\/\/elektromatt.pl\/smt\/wp-content\/uploads\/sites\/4\/2023\/02\/Przerobka-12mm-1131x1080.jpg 1131w\" sizes=\"(max-width: 1024px) 100vw, 1024px\" \/>\t\t\t\t\t\t\t\t\t\t\t\n\t\t<h2 style=\"text-align: center;\"><strong>Modyfikacja podajnik\u00f3w ta\u015bmy 12mm<\/strong><\/h2>\n<p style=\"text-align: center;\"><strong>Standardowe podajniki ta\u015bmy 12mm mog\u0105 by\u0107 \u0142adowane do maszyny co drugi slot (dotyczy podajnik\u00f3w KFTA-2 w maszynach z odst\u0119pem mi\u0119dzy z\u0142\u0105czami 13.33mm i 15mm), w zwi\u0105zku z tym standardowo podajniki te zajmuj\u0105 2 sloty.<\/strong><\/p>\n<p style=\"text-align: center;\"><strong>Nasza modyfikacja pozwala na g\u0119stsze \u0142adowanie takich podajnik\u00f3w, na ka\u017cdej parze oszcz\u0119dza si\u0119 jeden slot!<\/strong><\/p>\n<p style=\"text-align: center;\"><\/p>\t\t\n\t\t\t\t\t\t\t\t\t\t<img width=\"576\" height=\"1024\" src=\"https:\/\/elektromatt.pl\/smt\/wp-content\/uploads\/sites\/4\/2023\/04\/IMG-20221129-WA0000-576x1024.jpg\" alt=\"\" decoding=\"async\" loading=\"lazy\" srcset=\"https:\/\/elektromatt.pl\/smt\/wp-content\/uploads\/sites\/4\/2023\/04\/IMG-20221129-WA0000-576x1024.jpg 576w, https:\/\/elektromatt.pl\/smt\/wp-content\/uploads\/sites\/4\/2023\/04\/IMG-20221129-WA0000-169x300.jpg 169w, https:\/\/elektromatt.pl\/smt\/wp-content\/uploads\/sites\/4\/2023\/04\/IMG-20221129-WA0000-768x1365.jpg 768w, https:\/\/elektromatt.pl\/smt\/wp-content\/uploads\/sites\/4\/2023\/04\/IMG-20221129-WA0000-864x1536.jpg 864w, https:\/\/elektromatt.pl\/smt\/wp-content\/uploads\/sites\/4\/2023\/04\/IMG-20221129-WA0000-1152x2048.jpg 1152w, https:\/\/elektromatt.pl\/smt\/wp-content\/uploads\/sites\/4\/2023\/04\/IMG-20221129-WA0000-1024x1820.jpg 1024w, https:\/\/elektromatt.pl\/smt\/wp-content\/uploads\/sites\/4\/2023\/04\/IMG-20221129-WA0000-608x1080.jpg 608w, https:\/\/elektromatt.pl\/smt\/wp-content\/uploads\/sites\/4\/2023\/04\/IMG-20221129-WA0000-scaled.jpg 1440w\" sizes=\"(max-width: 576px) 100vw, 576px\" \/>\t\t\t\t\t\t\t\t\t\t\t\n\t\t<h2 style=\"text-align: center;\"><strong>Modyfikacja kroku podajnik\u00f3w<\/strong><\/h2><strong>\u00a0<\/strong><p style=\"text-align: center;\"><strong>Oferujemy us\u0142ug\u0119 polegaj\u0105c\u0105 na przekszta\u0142ceniu\u00a0<\/strong><\/p><p style=\"text-align: center;\"><strong>podajnik\u00f3w Manncorp \/ Autotronik<\/strong><\/p><p style=\"text-align: center;\"><strong>\u00a0KFTA-08A, KFTA-08A5, KFTA-08B2.\u00a0<\/strong><\/p><p style=\"text-align: center;\"><strong>Konwersja ta zmniejsza minimalny krok z 4 mm do 2 mm, co pozwala na stosowanie ta\u015bm z elementami wielko\u015bci 0201 w podajnikach starszych typ\u00f3w.<\/strong><\/p><p style=\"text-align: center;\"><strong>Zachowana jest mo\u017cliwo\u015b\u0107 stosowania ta\u015bm z krokiwm 4 mm.<\/strong><\/p><p style=\"text-align: center;\">\u00a0<\/p>","protected":false},"excerpt":{"rendered":"<p>Modyfikacja podajnik\u00f3w ta\u015bmy 12mm Standardowe podajniki ta\u015bmy 12mm mog\u0105 by\u0107 \u0142adowane do maszyny co drugi slot (dotyczy podajnik\u00f3w KFTA-2 w maszynach z odst\u0119pem mi\u0119dzy z\u0142\u0105czami 13.33mm i 15mm), w zwi\u0105zku z tym standardowo podajniki te zajmuj\u0105 2 sloty. Nasza modyfikacja pozwala na g\u0119stsze \u0142adowanie takich podajnik\u00f3w, na ka\u017cdej parze oszcz\u0119dza si\u0119 jeden slot! Modyfikacja kroku&hellip; <br \/> <a class=\"button small blue\" href=\"https:\/\/elektromatt.pl\/smt\/2020\/02\/02\/witaj-swiecie\/\">Czytaj dalej<\/a><\/p>\n","protected":false},"author":1,"featured_media":0,"parent":0,"menu_order":0,"comment_status":"closed","ping_status":"closed","template":"","meta":[],"_links":{"self":[{"href":"https:\/\/elektromatt.pl\/smt\/wp-json\/wp\/v2\/pages\/506"}],"collection":[{"href":"https:\/\/elektromatt.pl\/smt\/wp-json\/wp\/v2\/pages"}],"about":[{"href":"https:\/\/elektromatt.pl\/smt\/wp-json\/wp\/v2\/types\/page"}],"author":[{"embeddable":true,"href":"https:\/\/elektromatt.pl\/smt\/wp-json\/wp\/v2\/users\/1"}],"replies":[{"embeddable":true,"href":"https:\/\/elektromatt.pl\/smt\/wp-json\/wp\/v2\/comments?post=506"}],"version-history":[{"count":3,"href":"https:\/\/elektromatt.pl\/smt\/wp-json\/wp\/v2\/pages\/506\/revisions"}],"predecessor-version":[{"id":996,"href":"https:\/\/elektromatt.pl\/smt\/wp-json\/wp\/v2\/pages\/506\/revisions\/996"}],"wp:attachment":[{"href":"https:\/\/elektromatt.pl\/smt\/wp-json\/wp\/v2\/media?parent=506"}],"curies":[{"name":"wp","href":"https:\/\/api.w.org\/{rel}","templated":true}]}}