{"id":502,"date":"2023-01-15T16:00:03","date_gmt":"2023-01-15T15:00:03","guid":{"rendered":"https:\/\/elektromatt.pl\/autotronik\/?page_id=502"},"modified":"2023-02-17T17:18:26","modified_gmt":"2023-02-17T16:18:26","slug":"konserwacjanaprawa","status":"publish","type":"page","link":"https:\/\/elektromatt.pl\/smt\/konserwacjanaprawa\/","title":{"rendered":"Konserwacja \/ naprawa podajnik\u00f3w"},"content":{"rendered":"<h2 style=\"text-align: center;\"><strong>Odnawiane podajniki element\u00f3w<\/strong><\/h2><p style=\"text-align: center;\"><strong>Posiadamy w ofercie odnawiane podajniki element\u00f3w do maszyn Autotronik \/ Manncorp.<\/strong><br \/><strong>Podczas procesu odnawiania, podajniki s\u0105 rozbierane, czyszczone, dok\u0142adnie sprawdzane pod wzgl\u0119dem mechanicznym, zu\u017cyte elementy s\u0105 wymieniane. Nast\u0119pnie podajniki s\u0105 sk\u0142adane ponownie w ca\u0142o\u015b\u0107 i przechodz\u0105 ko\u0144cowe testy. Na odnawiane podajniki udzielamy 2 letniej gwarancji!<\/strong><\/p>\t\t\n\t\t\t\t\t\t\t\t\t\t<img width=\"1024\" height=\"689\" src=\"https:\/\/elektromatt.pl\/smt\/wp-content\/uploads\/sites\/4\/2022\/06\/Odnawianie-podajnika-1024x689.jpg\" alt=\"\" decoding=\"async\" loading=\"lazy\" srcset=\"https:\/\/elektromatt.pl\/smt\/wp-content\/uploads\/sites\/4\/2022\/06\/Odnawianie-podajnika-1024x689.jpg 1024w, https:\/\/elektromatt.pl\/smt\/wp-content\/uploads\/sites\/4\/2022\/06\/Odnawianie-podajnika-300x202.jpg 300w, https:\/\/elektromatt.pl\/smt\/wp-content\/uploads\/sites\/4\/2022\/06\/Odnawianie-podajnika-768x517.jpg 768w, https:\/\/elektromatt.pl\/smt\/wp-content\/uploads\/sites\/4\/2022\/06\/Odnawianie-podajnika-1536x1034.jpg 1536w, https:\/\/elektromatt.pl\/smt\/wp-content\/uploads\/sites\/4\/2022\/06\/Odnawianie-podajnika-2048x1379.jpg 2048w, https:\/\/elektromatt.pl\/smt\/wp-content\/uploads\/sites\/4\/2022\/06\/Odnawianie-podajnika-1604x1080.jpg 1604w, https:\/\/elektromatt.pl\/smt\/wp-content\/uploads\/sites\/4\/2022\/06\/Odnawianie-podajnika-272x182.jpg 272w\" sizes=\"(max-width: 1024px) 100vw, 1024px\" \/>\t\t\t\t\t\t\t\t\t\t\t\n\t\t\t\t\t\t\t\t\t\t<img width=\"1024\" height=\"683\" src=\"https:\/\/elektromatt.pl\/smt\/wp-content\/uploads\/sites\/4\/2023\/02\/KFTA-08HS4A5-1024x683.jpg\" alt=\"\" decoding=\"async\" loading=\"lazy\" srcset=\"https:\/\/elektromatt.pl\/smt\/wp-content\/uploads\/sites\/4\/2023\/02\/KFTA-08HS4A5-1024x683.jpg 1024w, https:\/\/elektromatt.pl\/smt\/wp-content\/uploads\/sites\/4\/2023\/02\/KFTA-08HS4A5-300x200.jpg 300w, https:\/\/elektromatt.pl\/smt\/wp-content\/uploads\/sites\/4\/2023\/02\/KFTA-08HS4A5-768x513.jpg 768w, https:\/\/elektromatt.pl\/smt\/wp-content\/uploads\/sites\/4\/2023\/02\/KFTA-08HS4A5-1536x1025.jpg 1536w, https:\/\/elektromatt.pl\/smt\/wp-content\/uploads\/sites\/4\/2023\/02\/KFTA-08HS4A5-2048x1367.jpg 2048w, https:\/\/elektromatt.pl\/smt\/wp-content\/uploads\/sites\/4\/2023\/02\/KFTA-08HS4A5-1618x1080.jpg 1618w, https:\/\/elektromatt.pl\/smt\/wp-content\/uploads\/sites\/4\/2023\/02\/KFTA-08HS4A5-272x182.jpg 272w\" sizes=\"(max-width: 1024px) 100vw, 1024px\" \/>\t\t\t\t\t\t\t\t\t\t\t\n\t\t<h4>\u00a0Podajnik element\u00f3w szeroko\u015b\u0107\u00a0 ta\u015bmy 8mm<\/h4><h4>\u00a0KFTA-08A\u00a0<\/h4><h4 style=\"line-height: 29.97px;\">\u00a0KFTA-08A5<\/h4><h4 style=\"line-height: 29.97px;\">\u00a0KFTA-08B2<\/h4><h4 style=\"line-height: 29.97px;\">\u00a0KFTA-08HS3<\/h4><h4 style=\"line-height: 29.97px;\">\u00a0KFTA-08HS4A5<\/h4>\t\t\n\t\t\t\t\t\t\t\t\t\t<img width=\"1024\" height=\"683\" src=\"https:\/\/elektromatt.pl\/smt\/wp-content\/uploads\/sites\/4\/2023\/02\/KFTA-12EA2-3-1024x683.jpg\" alt=\"\" decoding=\"async\" loading=\"lazy\" srcset=\"https:\/\/elektromatt.pl\/smt\/wp-content\/uploads\/sites\/4\/2023\/02\/KFTA-12EA2-3-1024x683.jpg 1024w, https:\/\/elektromatt.pl\/smt\/wp-content\/uploads\/sites\/4\/2023\/02\/KFTA-12EA2-3-300x200.jpg 300w, https:\/\/elektromatt.pl\/smt\/wp-content\/uploads\/sites\/4\/2023\/02\/KFTA-12EA2-3-768x513.jpg 768w, https:\/\/elektromatt.pl\/smt\/wp-content\/uploads\/sites\/4\/2023\/02\/KFTA-12EA2-3-1536x1025.jpg 1536w, https:\/\/elektromatt.pl\/smt\/wp-content\/uploads\/sites\/4\/2023\/02\/KFTA-12EA2-3-2048x1367.jpg 2048w, https:\/\/elektromatt.pl\/smt\/wp-content\/uploads\/sites\/4\/2023\/02\/KFTA-12EA2-3-1618x1080.jpg 1618w, https:\/\/elektromatt.pl\/smt\/wp-content\/uploads\/sites\/4\/2023\/02\/KFTA-12EA2-3-272x182.jpg 272w\" sizes=\"(max-width: 1024px) 100vw, 1024px\" \/>\t\t\t\t\t\t\t\t\t\t\t\n\t\t<h4>\u00a0Podajnik element\u00f3w szeroko\u015b\u0107\u00a0 ta\u015bmy 12mm<\/h4><h4>\u00a0KFTA-12EA2\u00a0<\/h4><h4 style=\"line-height: 29.97px;\">\u00a0KFTA-12E1\u00a0<\/h4><h4 style=\"line-height: 29.97px;\">\u00a0KFTA2-12-A<\/h4>\t\t\n\t\t\t\t\t\t\t\t\t\t<img width=\"1024\" height=\"683\" src=\"https:\/\/elektromatt.pl\/smt\/wp-content\/uploads\/sites\/4\/2023\/02\/KFTA-16EA4-1024x683.jpg\" alt=\"\" decoding=\"async\" loading=\"lazy\" srcset=\"https:\/\/elektromatt.pl\/smt\/wp-content\/uploads\/sites\/4\/2023\/02\/KFTA-16EA4-1024x683.jpg 1024w, https:\/\/elektromatt.pl\/smt\/wp-content\/uploads\/sites\/4\/2023\/02\/KFTA-16EA4-300x200.jpg 300w, https:\/\/elektromatt.pl\/smt\/wp-content\/uploads\/sites\/4\/2023\/02\/KFTA-16EA4-768x513.jpg 768w, https:\/\/elektromatt.pl\/smt\/wp-content\/uploads\/sites\/4\/2023\/02\/KFTA-16EA4-1536x1025.jpg 1536w, https:\/\/elektromatt.pl\/smt\/wp-content\/uploads\/sites\/4\/2023\/02\/KFTA-16EA4-2048x1367.jpg 2048w, https:\/\/elektromatt.pl\/smt\/wp-content\/uploads\/sites\/4\/2023\/02\/KFTA-16EA4-1618x1080.jpg 1618w, https:\/\/elektromatt.pl\/smt\/wp-content\/uploads\/sites\/4\/2023\/02\/KFTA-16EA4-272x182.jpg 272w\" sizes=\"(max-width: 1024px) 100vw, 1024px\" \/>\t\t\t\t\t\t\t\t\t\t\t\n\t\t<h4>\u00a0Podajnik element\u00f3w szeroko\u015b\u0107\u00a0 ta\u015bmy 16mm<\/h4><h4>\u00a0K16E<\/h4><h4>\u00a0KFTA-16EA4<\/h4>\t\t\n\t\t\t\t\t\t\t\t\t\t<img width=\"1024\" height=\"683\" src=\"https:\/\/elektromatt.pl\/smt\/wp-content\/uploads\/sites\/4\/2023\/02\/KFTA-24EA4-1024x683.jpg\" alt=\"\" decoding=\"async\" loading=\"lazy\" srcset=\"https:\/\/elektromatt.pl\/smt\/wp-content\/uploads\/sites\/4\/2023\/02\/KFTA-24EA4-1024x683.jpg 1024w, https:\/\/elektromatt.pl\/smt\/wp-content\/uploads\/sites\/4\/2023\/02\/KFTA-24EA4-300x200.jpg 300w, https:\/\/elektromatt.pl\/smt\/wp-content\/uploads\/sites\/4\/2023\/02\/KFTA-24EA4-768x513.jpg 768w, https:\/\/elektromatt.pl\/smt\/wp-content\/uploads\/sites\/4\/2023\/02\/KFTA-24EA4-1536x1025.jpg 1536w, https:\/\/elektromatt.pl\/smt\/wp-content\/uploads\/sites\/4\/2023\/02\/KFTA-24EA4-2048x1367.jpg 2048w, https:\/\/elektromatt.pl\/smt\/wp-content\/uploads\/sites\/4\/2023\/02\/KFTA-24EA4-1618x1080.jpg 1618w, https:\/\/elektromatt.pl\/smt\/wp-content\/uploads\/sites\/4\/2023\/02\/KFTA-24EA4-272x182.jpg 272w\" sizes=\"(max-width: 1024px) 100vw, 1024px\" \/>\t\t\t\t\t\t\t\t\t\t\t\n\t\t<h4>\u00a0Podajnik element\u00f3w szeroko\u015b\u0107\u00a0 ta\u015bmy 24mm<\/h4><h4>\u00a0KFTA-24E1\u00a0<\/h4><h4 style=\"line-height: 29.97px;\">\u00a0KFTA-24EA4\u00a0<\/h4><h4 style=\"line-height: 29.97px;\">\u00a0KFTA-24EB2<\/h4>\t\t\n\t\t\t\t\t\t\t\t\t\t<img width=\"1024\" height=\"683\" src=\"https:\/\/elektromatt.pl\/smt\/wp-content\/uploads\/sites\/4\/2023\/02\/KFTA-32EA3-1024x683.jpg\" alt=\"\" decoding=\"async\" loading=\"lazy\" srcset=\"https:\/\/elektromatt.pl\/smt\/wp-content\/uploads\/sites\/4\/2023\/02\/KFTA-32EA3-1024x683.jpg 1024w, https:\/\/elektromatt.pl\/smt\/wp-content\/uploads\/sites\/4\/2023\/02\/KFTA-32EA3-300x200.jpg 300w, https:\/\/elektromatt.pl\/smt\/wp-content\/uploads\/sites\/4\/2023\/02\/KFTA-32EA3-768x513.jpg 768w, https:\/\/elektromatt.pl\/smt\/wp-content\/uploads\/sites\/4\/2023\/02\/KFTA-32EA3-1536x1025.jpg 1536w, https:\/\/elektromatt.pl\/smt\/wp-content\/uploads\/sites\/4\/2023\/02\/KFTA-32EA3-2048x1367.jpg 2048w, https:\/\/elektromatt.pl\/smt\/wp-content\/uploads\/sites\/4\/2023\/02\/KFTA-32EA3-1618x1080.jpg 1618w, https:\/\/elektromatt.pl\/smt\/wp-content\/uploads\/sites\/4\/2023\/02\/KFTA-32EA3-272x182.jpg 272w\" sizes=\"(max-width: 1024px) 100vw, 1024px\" \/>\t\t\t\t\t\t\t\t\t\t\t\n\t\t<h4>&nbsp;Podajnik element\u00f3w szeroko\u015b\u0107&nbsp; ta\u015bmy 32mm<\/h4>\n<h4>&nbsp;KFTA-32E3&nbsp;<\/h4><h4><font color=\"#000000\">&nbsp;KFTA-32EA3<\/font><\/h4>\t\t\n\t\t\t\t\t\t\t\t\t\t<img width=\"1024\" height=\"683\" src=\"https:\/\/elektromatt.pl\/smt\/wp-content\/uploads\/sites\/4\/2023\/02\/KFTA-44EA2-1024x683.jpg\" alt=\"\" decoding=\"async\" loading=\"lazy\" srcset=\"https:\/\/elektromatt.pl\/smt\/wp-content\/uploads\/sites\/4\/2023\/02\/KFTA-44EA2-1024x683.jpg 1024w, https:\/\/elektromatt.pl\/smt\/wp-content\/uploads\/sites\/4\/2023\/02\/KFTA-44EA2-300x200.jpg 300w, https:\/\/elektromatt.pl\/smt\/wp-content\/uploads\/sites\/4\/2023\/02\/KFTA-44EA2-768x513.jpg 768w, https:\/\/elektromatt.pl\/smt\/wp-content\/uploads\/sites\/4\/2023\/02\/KFTA-44EA2-1536x1025.jpg 1536w, https:\/\/elektromatt.pl\/smt\/wp-content\/uploads\/sites\/4\/2023\/02\/KFTA-44EA2-2048x1367.jpg 2048w, https:\/\/elektromatt.pl\/smt\/wp-content\/uploads\/sites\/4\/2023\/02\/KFTA-44EA2-1618x1080.jpg 1618w, https:\/\/elektromatt.pl\/smt\/wp-content\/uploads\/sites\/4\/2023\/02\/KFTA-44EA2-272x182.jpg 272w\" sizes=\"(max-width: 1024px) 100vw, 1024px\" \/>\t\t\t\t\t\t\t\t\t\t\t\n\t\t<h4>&nbsp;Podajnik element\u00f3w szeroko\u015b\u0107&nbsp; ta\u015bmy 44mm<\/h4>\n<h4>&nbsp;<font color=\"#000000\">KFTA-44EA2<\/font><\/h4>\t\t\n\t\t\t\t\t\t\t\t\t\t<img width=\"1024\" height=\"683\" src=\"https:\/\/elektromatt.pl\/smt\/wp-content\/uploads\/sites\/4\/2023\/02\/KFTA-56EA2-1024x683.jpg\" alt=\"\" decoding=\"async\" loading=\"lazy\" srcset=\"https:\/\/elektromatt.pl\/smt\/wp-content\/uploads\/sites\/4\/2023\/02\/KFTA-56EA2-1024x683.jpg 1024w, https:\/\/elektromatt.pl\/smt\/wp-content\/uploads\/sites\/4\/2023\/02\/KFTA-56EA2-300x200.jpg 300w, https:\/\/elektromatt.pl\/smt\/wp-content\/uploads\/sites\/4\/2023\/02\/KFTA-56EA2-768x513.jpg 768w, https:\/\/elektromatt.pl\/smt\/wp-content\/uploads\/sites\/4\/2023\/02\/KFTA-56EA2-1536x1025.jpg 1536w, https:\/\/elektromatt.pl\/smt\/wp-content\/uploads\/sites\/4\/2023\/02\/KFTA-56EA2-2048x1367.jpg 2048w, https:\/\/elektromatt.pl\/smt\/wp-content\/uploads\/sites\/4\/2023\/02\/KFTA-56EA2-1618x1080.jpg 1618w, https:\/\/elektromatt.pl\/smt\/wp-content\/uploads\/sites\/4\/2023\/02\/KFTA-56EA2-272x182.jpg 272w\" sizes=\"(max-width: 1024px) 100vw, 1024px\" \/>\t\t\t\t\t\t\t\t\t\t\t\n\t\t<h4>&nbsp;Podajnik element\u00f3w szeroko\u015b\u0107&nbsp; ta\u015bmy 56mm<\/h4>\n<h4>&nbsp;<font color=\"#000000\">KFTA-56EA2<\/font><\/h4>\t\t\n\t\t\t\t\t\t\t\t\t\t<img width=\"1024\" height=\"683\" src=\"https:\/\/elektromatt.pl\/smt\/wp-content\/uploads\/sites\/4\/2023\/02\/KFTB-V2-1024x683.jpg\" alt=\"\" decoding=\"async\" loading=\"lazy\" srcset=\"https:\/\/elektromatt.pl\/smt\/wp-content\/uploads\/sites\/4\/2023\/02\/KFTB-V2-1024x683.jpg 1024w, https:\/\/elektromatt.pl\/smt\/wp-content\/uploads\/sites\/4\/2023\/02\/KFTB-V2-300x200.jpg 300w, https:\/\/elektromatt.pl\/smt\/wp-content\/uploads\/sites\/4\/2023\/02\/KFTB-V2-768x513.jpg 768w, https:\/\/elektromatt.pl\/smt\/wp-content\/uploads\/sites\/4\/2023\/02\/KFTB-V2-1536x1025.jpg 1536w, https:\/\/elektromatt.pl\/smt\/wp-content\/uploads\/sites\/4\/2023\/02\/KFTB-V2-2048x1367.jpg 2048w, https:\/\/elektromatt.pl\/smt\/wp-content\/uploads\/sites\/4\/2023\/02\/KFTB-V2-1618x1080.jpg 1618w, https:\/\/elektromatt.pl\/smt\/wp-content\/uploads\/sites\/4\/2023\/02\/KFTB-V2-272x182.jpg 272w\" sizes=\"(max-width: 1024px) 100vw, 1024px\" \/>\t\t\t\t\t\t\t\t\t\t\t\n\t\t<h4>\u00a0Podajnik element\u00f3w\u00a0<\/h4>\n<h4>\u00a0KFTB-V2<\/h4>\t\t\n\t\t\t\t\t\t\t\t\t\t<img width=\"1024\" height=\"683\" src=\"https:\/\/elektromatt.pl\/smt\/wp-content\/uploads\/sites\/4\/2023\/02\/KFTB-2-1024x683.jpg\" alt=\"\" decoding=\"async\" loading=\"lazy\" srcset=\"https:\/\/elektromatt.pl\/smt\/wp-content\/uploads\/sites\/4\/2023\/02\/KFTB-2-1024x683.jpg 1024w, https:\/\/elektromatt.pl\/smt\/wp-content\/uploads\/sites\/4\/2023\/02\/KFTB-2-300x200.jpg 300w, https:\/\/elektromatt.pl\/smt\/wp-content\/uploads\/sites\/4\/2023\/02\/KFTB-2-768x513.jpg 768w, https:\/\/elektromatt.pl\/smt\/wp-content\/uploads\/sites\/4\/2023\/02\/KFTB-2-1536x1025.jpg 1536w, https:\/\/elektromatt.pl\/smt\/wp-content\/uploads\/sites\/4\/2023\/02\/KFTB-2-2048x1367.jpg 2048w, https:\/\/elektromatt.pl\/smt\/wp-content\/uploads\/sites\/4\/2023\/02\/KFTB-2-1618x1080.jpg 1618w, https:\/\/elektromatt.pl\/smt\/wp-content\/uploads\/sites\/4\/2023\/02\/KFTB-2-272x182.jpg 272w\" sizes=\"(max-width: 1024px) 100vw, 1024px\" \/>\t\t\t\t\t\t\t\t\t\t\t\n\t\t<h4>&nbsp;Podajnik element\u00f3w&nbsp;<\/h4>\n<h4>&nbsp;KFTB-2<\/h4>","protected":false},"excerpt":{"rendered":"<p>Odnawiane podajniki element\u00f3wPosiadamy w ofercie odnawiane podajniki element\u00f3w do maszyn Autotronik \/ Manncorp.Podczas procesu odnawiania, podajniki s\u0105 rozbierane, czyszczone, dok\u0142adnie sprawdzane pod wzgl\u0119dem mechanicznym, zu\u017cyte elementy s\u0105 wymieniane. Nast\u0119pnie podajniki s\u0105 sk\u0142adane ponownie w ca\u0142o\u015b\u0107 i przechodz\u0105 ko\u0144cowe testy. Na odnawiane podajniki udzielamy 2 letniej gwarancji! \u00a0Podajnik element\u00f3w szeroko\u015b\u0107\u00a0 ta\u015bmy 8mm\u00a0KFTA-08A\u00a0\u00a0KFTA-08A5\u00a0KFTA-08B2\u00a0KFTA-08HS3\u00a0KFTA-08HS4A5 \u00a0Podajnik element\u00f3w szeroko\u015b\u0107\u00a0 ta\u015bmy&hellip; <br \/> <a class=\"button small blue\" href=\"https:\/\/elektromatt.pl\/smt\/2020\/02\/02\/witaj-swiecie\/\">Czytaj dalej<\/a><\/p>\n","protected":false},"author":1,"featured_media":0,"parent":0,"menu_order":0,"comment_status":"closed","ping_status":"closed","template":"","meta":[],"_links":{"self":[{"href":"https:\/\/elektromatt.pl\/smt\/wp-json\/wp\/v2\/pages\/502"}],"collection":[{"href":"https:\/\/elektromatt.pl\/smt\/wp-json\/wp\/v2\/pages"}],"about":[{"href":"https:\/\/elektromatt.pl\/smt\/wp-json\/wp\/v2\/types\/page"}],"author":[{"embeddable":true,"href":"https:\/\/elektromatt.pl\/smt\/wp-json\/wp\/v2\/users\/1"}],"replies":[{"embeddable":true,"href":"https:\/\/elektromatt.pl\/smt\/wp-json\/wp\/v2\/comments?post=502"}],"version-history":[{"count":23,"href":"https:\/\/elektromatt.pl\/smt\/wp-json\/wp\/v2\/pages\/502\/revisions"}],"predecessor-version":[{"id":782,"href":"https:\/\/elektromatt.pl\/smt\/wp-json\/wp\/v2\/pages\/502\/revisions\/782"}],"wp:attachment":[{"href":"https:\/\/elektromatt.pl\/smt\/wp-json\/wp\/v2\/media?parent=502"}],"curies":[{"name":"wp","href":"https:\/\/api.w.org\/{rel}","templated":true}]}}