{"id":478,"date":"2023-01-15T13:08:06","date_gmt":"2023-01-15T12:08:06","guid":{"rendered":"https:\/\/elektromatt.pl\/autotronik\/?page_id=478"},"modified":"2023-02-20T17:29:50","modified_gmt":"2023-02-20T16:29:50","slug":"podajnikiautomann","status":"publish","type":"page","link":"https:\/\/elektromatt.pl\/smt\/podajnikiautomann\/","title":{"rendered":"Podajniki"},"content":{"rendered":"<a href=\"https:\/\/elektromatt.pl\/smt\/konserwacjanaprawa\/https:\/\/elektromatt.pl\/smt\/konserwacjanaprawa\/\" role=\"button\">\n\t\t\t\t\t\tPODAJNIKI ODNAWIANE     \n\t\t\t\t\t<\/a>\n\t\t\t<a href=\"https:\/\/elektromatt.pl\/smt\/czesci\/\" role=\"button\">\n\t\t\t\t\t\tCZ\u0118\u015a\u0106I DO PODAJNIK\u00d3W  \n\t\t\t\t\t<\/a>\n\t\t\t<a href=\"https:\/\/elektromatt.pl\/smt\/modyfikacje\/\" role=\"button\">\n\t\t\t\t\t\tMODYFIKACJE PODAJNIK\u00d3W\n\t\t\t\t\t<\/a>\n\t\t\t<a href=\"https:\/\/elektromatt.pl\/smt\/konserwacjanaprawa\/https:\/\/elektromatt.pl\/smt\/konserwacjanaprawa\/\" role=\"button\">\n\t\t\t\t\t\tKONSERWACJA \/ NAPRAWA PODAJNIK\u00d3W\n\t\t\t\t\t<\/a>","protected":false},"excerpt":{"rendered":"<p>PODAJNIKI ODNAWIANE CZ\u0118\u015a\u0106I DO PODAJNIK\u00d3W MODYFIKACJE PODAJNIK\u00d3W KONSERWACJA \/ NAPRAWA PODAJNIK\u00d3W<\/p>\n","protected":false},"author":1,"featured_media":0,"parent":0,"menu_order":0,"comment_status":"closed","ping_status":"closed","template":"","meta":[],"_links":{"self":[{"href":"https:\/\/elektromatt.pl\/smt\/wp-json\/wp\/v2\/pages\/478"}],"collection":[{"href":"https:\/\/elektromatt.pl\/smt\/wp-json\/wp\/v2\/pages"}],"about":[{"href":"https:\/\/elektromatt.pl\/smt\/wp-json\/wp\/v2\/types\/page"}],"author":[{"embeddable":true,"href":"https:\/\/elektromatt.pl\/smt\/wp-json\/wp\/v2\/users\/1"}],"replies":[{"embeddable":true,"href":"https:\/\/elektromatt.pl\/smt\/wp-json\/wp\/v2\/comments?post=478"}],"version-history":[{"count":9,"href":"https:\/\/elektromatt.pl\/smt\/wp-json\/wp\/v2\/pages\/478\/revisions"}],"predecessor-version":[{"id":936,"href":"https:\/\/elektromatt.pl\/smt\/wp-json\/wp\/v2\/pages\/478\/revisions\/936"}],"wp:attachment":[{"href":"https:\/\/elektromatt.pl\/smt\/wp-json\/wp\/v2\/media?parent=478"}],"curies":[{"name":"wp","href":"https:\/\/api.w.org\/{rel}","templated":true}]}}