{"id":148,"date":"2020-02-02T10:33:58","date_gmt":"2020-02-02T09:33:58","guid":{"rendered":"https:\/\/elektromatt.pl\/autotronik\/one-page-express\/"},"modified":"2023-02-20T15:07:47","modified_gmt":"2023-02-20T14:07:47","slug":"one-page-express","status":"publish","type":"page","link":"https:\/\/elektromatt.pl\/smt\/","title":{"rendered":"Strona G\u0142\u00f3wna"},"content":{"rendered":"<img width=\"857\" height=\"232\" src=\"https:\/\/elektromatt.pl\/smt\/wp-content\/uploads\/sites\/4\/2021\/05\/pierwsze.png\" alt=\"\" decoding=\"async\" loading=\"lazy\" srcset=\"https:\/\/elektromatt.pl\/smt\/wp-content\/uploads\/sites\/4\/2021\/05\/pierwsze.png 857w, https:\/\/elektromatt.pl\/smt\/wp-content\/uploads\/sites\/4\/2021\/05\/pierwsze-300x81.png 300w, https:\/\/elektromatt.pl\/smt\/wp-content\/uploads\/sites\/4\/2021\/05\/pierwsze-768x208.png 768w\" sizes=\"(max-width: 857px) 100vw, 857px\" \/>\t\t\t\t\t\t\t\t\t\t\t\n\t\t\t\t\t\t\t\t\t\t<img width=\"1024\" height=\"683\" src=\"https:\/\/elektromatt.pl\/smt\/wp-content\/uploads\/sites\/4\/2023\/02\/1-photoaidcom-invert-1-1024x683.jpg\" alt=\"\" decoding=\"async\" loading=\"lazy\" srcset=\"https:\/\/elektromatt.pl\/smt\/wp-content\/uploads\/sites\/4\/2023\/02\/1-photoaidcom-invert-1-1024x683.jpg 1024w, https:\/\/elektromatt.pl\/smt\/wp-content\/uploads\/sites\/4\/2023\/02\/1-photoaidcom-invert-1-300x200.jpg 300w, https:\/\/elektromatt.pl\/smt\/wp-content\/uploads\/sites\/4\/2023\/02\/1-photoaidcom-invert-1-768x512.jpg 768w, https:\/\/elektromatt.pl\/smt\/wp-content\/uploads\/sites\/4\/2023\/02\/1-photoaidcom-invert-1-1536x1024.jpg 1536w, https:\/\/elektromatt.pl\/smt\/wp-content\/uploads\/sites\/4\/2023\/02\/1-photoaidcom-invert-1-2048x1365.jpg 2048w, https:\/\/elektromatt.pl\/smt\/wp-content\/uploads\/sites\/4\/2023\/02\/1-photoaidcom-invert-1-1620x1080.jpg 1620w, https:\/\/elektromatt.pl\/smt\/wp-content\/uploads\/sites\/4\/2023\/02\/1-photoaidcom-invert-1-272x182.jpg 272w\" sizes=\"(max-width: 1024px) 100vw, 1024px\" \/>\t\t\t\t\t\t\t\t\t\t\t\n\t\t<h4 style=\"text-align: center;\">\u00a0<\/h4><h4 style=\"text-align: center;\">Oferujemy obiektywne por\u00f3wnanie ofert r\u00f3\u017cnych producent\u00f3w i pomoc w wyborze maszyn oferuj\u0105cych najlepszy stosunek pomi\u0119dzy cen\u0105 a spe\u0142nieniem wymog\u00f3w klienta. Oferujemy us\u0142ugi w zakresie napraw i konserwacji maszyn Pick &amp; Place Autotronik \/ Manncorp, oraz cz\u0119\u015bci i akcesori\u00f3w do tych maszyn, jak r\u00f3wnie\u017c us\u0142ugi w zakresie oceny stanu technicznego maszyn u\u017cywanych.<\/h4><h4 style=\"text-align: center;\">\u00a0<\/h4><h4 style=\"text-align: center;\">\u00a0\u00a0<\/h4><h4 style=\"text-align: center;\">Posiadamy w ofercie podajniki element\u00f3w do maszyn Autotronik \/\u00a0 \u00a0Manncorp, jak r\u00f3wnie\u017c niezale\u017cne od maszyny (biurkowe) stanowiska przygotowania podajnik\u00f3w z unikatow\u0105 funkcj\u0105\u00a0 \u00a0odczytu i programowania parametr\u00f3w<br \/>(numer podajnika, krok, itp.)\u00a0 \u00a0oraz rozszerzenia do fabrycznego stanowiska programowania\u00a0 \u00a0podajnik\u00f3w u\u0142atwiaj\u0105ce programowanie parametr\u00f3w i wspomagaj\u0105ce proces wymiany ta\u015bmy w podajniku.<\/h4>\u00a0\u00a0\t\t\n\t\t\t\t\t\t\t\t\t\t<img width=\"1024\" height=\"678\" src=\"https:\/\/elektromatt.pl\/smt\/wp-content\/uploads\/sites\/4\/2022\/03\/rematt-7.jpg\" alt=\"\" decoding=\"async\" loading=\"lazy\" srcset=\"https:\/\/elektromatt.pl\/smt\/wp-content\/uploads\/sites\/4\/2022\/03\/rematt-7.jpg 1024w, https:\/\/elektromatt.pl\/smt\/wp-content\/uploads\/sites\/4\/2022\/03\/rematt-7-300x199.jpg 300w, https:\/\/elektromatt.pl\/smt\/wp-content\/uploads\/sites\/4\/2022\/03\/rematt-7-768x509.jpg 768w\" sizes=\"(max-width: 1024px) 100vw, 1024px\" \/>","protected":false},"excerpt":{"rendered":"<p>\u00a0Oferujemy obiektywne por\u00f3wnanie ofert r\u00f3\u017cnych producent\u00f3w i pomoc w wyborze maszyn oferuj\u0105cych najlepszy stosunek pomi\u0119dzy cen\u0105 a spe\u0142nieniem wymog\u00f3w klienta. Oferujemy us\u0142ugi w zakresie napraw i konserwacji maszyn Pick &amp; Place Autotronik \/ Manncorp, oraz cz\u0119\u015bci i akcesori\u00f3w do tych maszyn, jak r\u00f3wnie\u017c us\u0142ugi w zakresie oceny stanu technicznego maszyn u\u017cywanych.\u00a0\u00a0\u00a0Posiadamy w ofercie podajniki element\u00f3w&hellip; <br \/> <a class=\"button small blue\" href=\"https:\/\/elektromatt.pl\/smt\/2020\/02\/02\/witaj-swiecie\/\">Czytaj dalej<\/a><\/p>\n","protected":false},"author":1,"featured_media":0,"parent":0,"menu_order":0,"comment_status":"closed","ping_status":"closed","template":"","meta":[],"_links":{"self":[{"href":"https:\/\/elektromatt.pl\/smt\/wp-json\/wp\/v2\/pages\/148"}],"collection":[{"href":"https:\/\/elektromatt.pl\/smt\/wp-json\/wp\/v2\/pages"}],"about":[{"href":"https:\/\/elektromatt.pl\/smt\/wp-json\/wp\/v2\/types\/page"}],"author":[{"embeddable":true,"href":"https:\/\/elektromatt.pl\/smt\/wp-json\/wp\/v2\/users\/1"}],"replies":[{"embeddable":true,"href":"https:\/\/elektromatt.pl\/smt\/wp-json\/wp\/v2\/comments?post=148"}],"version-history":[{"count":50,"href":"https:\/\/elektromatt.pl\/smt\/wp-json\/wp\/v2\/pages\/148\/revisions"}],"predecessor-version":[{"id":885,"href":"https:\/\/elektromatt.pl\/smt\/wp-json\/wp\/v2\/pages\/148\/revisions\/885"}],"wp:attachment":[{"href":"https:\/\/elektromatt.pl\/smt\/wp-json\/wp\/v2\/media?parent=148"}],"curies":[{"name":"wp","href":"https:\/\/api.w.org\/{rel}","templated":true}]}}