{"id":1037,"date":"2024-12-15T21:18:44","date_gmt":"2024-12-15T20:18:44","guid":{"rendered":"https:\/\/elektromatt.pl\/smt\/?page_id=1037"},"modified":"2024-12-15T22:27:03","modified_gmt":"2024-12-15T21:27:03","slug":"inteligentnymagazyn","status":"publish","type":"page","link":"https:\/\/elektromatt.pl\/smt\/inteligentnymagazyn\/","title":{"rendered":"Inteligentny magazyn"},"content":{"rendered":"<h3>Wkr\u00f3tce dost\u0119pny<\/h3>\t\t\n\t\t\t\t\t\t\t\t\t\t<img width=\"813\" height=\"881\" src=\"https:\/\/elektromatt.pl\/smt\/wp-content\/uploads\/sites\/4\/2024\/12\/Elektromatt.png\" alt=\"\" decoding=\"async\" loading=\"lazy\" srcset=\"https:\/\/elektromatt.pl\/smt\/wp-content\/uploads\/sites\/4\/2024\/12\/Elektromatt.png 813w, https:\/\/elektromatt.pl\/smt\/wp-content\/uploads\/sites\/4\/2024\/12\/Elektromatt-277x300.png 277w, https:\/\/elektromatt.pl\/smt\/wp-content\/uploads\/sites\/4\/2024\/12\/Elektromatt-768x832.png 768w\" sizes=\"(max-width: 813px) 100vw, 813px\" \/>\t\t\t\t\t\t\t\t\t\t\t\n\t\t<h2><font color=\u201d000\u2033>Inteligentny magazyn<\/font><\/h2>\n<h3><font color=\u201d000\u2033>Funkcje<\/h3><\/font>\n<ul>\n \t<li><strong>Inteligentna Technologia Czujnik\u00f3w:<\/strong> Automatycznie wykrywa ruch rolek, okre\u015blaj\u0105c, kiedy i gdzie s\u0105 pobierane lub odk\u0142adane.<\/li>\n \t<li><strong>Przyjazny Interfejs U\u017cytkownika:<\/strong> Intuicyjne oprogramowanie umo\u017cliwiaj\u0105ce efektywne zarz\u0105dzanie.<\/li>\n \t<li><strong>Wysoce Mobilna Konstrukcja:<\/strong> Wyposa\u017cony w k\u00f3\u0142ka ESD, kt\u00f3re u\u0142atwiaj\u0105 przemieszczanie.<\/li>\n \t<li><strong>Kodowane Kolorami Multi-Kitting:<\/strong> Wielokolorowe wska\u017aniki LED upraszczaj\u0105 jednoczesne procesy multi-kitting.<\/li>\n \t<li><strong>Kompaktowy i Oszcz\u0119dzaj\u0105cy Miejsce:<\/strong> Niewielkie wymiary zoptymalizowane do nowoczesnych przestrzeni roboczych.<\/li>\n \t<li><strong>Pe\u0142ne \u015aledzenie:<\/strong> Ka\u017cde miejsce ma unikalny identyfikator (UID) umo\u017cliwiaj\u0105cy pe\u0142ne \u015bledzenie.<\/li>\n \t<li><strong>Przypisywanie Miejsc za Pomoc\u0105 LED:<\/strong> \u015awiat\u0142a LED umo\u017cliwiaj\u0105 automatyczne i precyzyjne przypisywanie miejsc.<\/li>\n \t<li><strong>Modularne Konfiguracje Rega\u0142\u00f3w:<\/strong> Opcje dostosowywania pojemno\u015bci z rega\u0142ami o d\u0142ugo\u015bci 1 m lub 2 m, aby spe\u0142nia\u0107 r\u00f3\u017cnorodne potrzeby. Pojemno\u015b\u0107 w zale\u017cno\u015bci od konfiguracji, od 600 do 1200 szpulek 7&#8243;<\/li>\n<\/ul>\n&nbsp;","protected":false},"excerpt":{"rendered":"<p>Wkr\u00f3tce dost\u0119pny Inteligentny magazyn Funkcje Inteligentna Technologia Czujnik\u00f3w: Automatycznie wykrywa ruch rolek, okre\u015blaj\u0105c, kiedy i gdzie s\u0105 pobierane lub odk\u0142adane. Przyjazny Interfejs U\u017cytkownika: Intuicyjne oprogramowanie umo\u017cliwiaj\u0105ce efektywne zarz\u0105dzanie. Wysoce Mobilna Konstrukcja: Wyposa\u017cony w k\u00f3\u0142ka ESD, kt\u00f3re u\u0142atwiaj\u0105 przemieszczanie. Kodowane Kolorami Multi-Kitting: Wielokolorowe wska\u017aniki LED upraszczaj\u0105 jednoczesne procesy multi-kitting. Kompaktowy i Oszcz\u0119dzaj\u0105cy Miejsce: Niewielkie wymiary zoptymalizowane&hellip; <br \/> <a class=\"button small blue\" href=\"https:\/\/elektromatt.pl\/smt\/2020\/02\/02\/witaj-swiecie\/\">Czytaj dalej<\/a><\/p>\n","protected":false},"author":1,"featured_media":0,"parent":0,"menu_order":0,"comment_status":"closed","ping_status":"closed","template":"","meta":[],"_links":{"self":[{"href":"https:\/\/elektromatt.pl\/smt\/wp-json\/wp\/v2\/pages\/1037"}],"collection":[{"href":"https:\/\/elektromatt.pl\/smt\/wp-json\/wp\/v2\/pages"}],"about":[{"href":"https:\/\/elektromatt.pl\/smt\/wp-json\/wp\/v2\/types\/page"}],"author":[{"embeddable":true,"href":"https:\/\/elektromatt.pl\/smt\/wp-json\/wp\/v2\/users\/1"}],"replies":[{"embeddable":true,"href":"https:\/\/elektromatt.pl\/smt\/wp-json\/wp\/v2\/comments?post=1037"}],"version-history":[{"count":4,"href":"https:\/\/elektromatt.pl\/smt\/wp-json\/wp\/v2\/pages\/1037\/revisions"}],"predecessor-version":[{"id":1048,"href":"https:\/\/elektromatt.pl\/smt\/wp-json\/wp\/v2\/pages\/1037\/revisions\/1048"}],"wp:attachment":[{"href":"https:\/\/elektromatt.pl\/smt\/wp-json\/wp\/v2\/media?parent=1037"}],"curies":[{"name":"wp","href":"https:\/\/api.w.org\/{rel}","templated":true}]}}